{"id":748,"date":"2025-09-21T18:19:42","date_gmt":"2025-09-21T18:19:42","guid":{"rendered":"http:\/\/uxhhpdt.cluster100.hosting.ovh.net\/?page_id=748"},"modified":"2025-09-21T18:24:01","modified_gmt":"2025-09-21T18:24:01","slug":"kontakt","status":"publish","type":"page","link":"https:\/\/nadraduniem.pl\/index.php\/kontakt\/","title":{"rendered":"Kontakt"},"content":{"rendered":"\t\t<div data-elementor-type=\"wp-page\" data-elementor-id=\"748\" class=\"elementor elementor-748\">\n\t\t\t\t<div class=\"elementor-element elementor-element-e5c92d0 e-flex e-con-boxed e-con e-parent\" data-id=\"e5c92d0\" data-element_type=\"container\">\n\t\t\t\t\t<div class=\"e-con-inner\">\n\t\t<div class=\"elementor-element elementor-element-e021165 e-con-full e-flex e-con e-child\" data-id=\"e021165\" data-element_type=\"container\">\n\t\t\t\t<div class=\"elementor-element elementor-element-6816d72 elementor-widget elementor-widget-heading\" data-id=\"6816d72\" data-element_type=\"widget\" data-widget_type=\"heading.default\">\n\t\t\t\t\t<h2 class=\"elementor-heading-title elementor-size-default\">Kontakt<\/h2>\t\t\t\t<\/div>\n\t\t\t\t<div class=\"elementor-element elementor-element-2877b57 elementor-widget elementor-widget-heading\" data-id=\"2877b57\" data-element_type=\"widget\" data-widget_type=\"heading.default\">\n\t\t\t\t\t<h2 class=\"elementor-heading-title elementor-size-default\">+48 601-161-233 <br> +48 601-161-242<\/h2>\t\t\t\t<\/div>\n\t\t\t\t<div class=\"elementor-element elementor-element-8a1164f elementor-widget elementor-widget-text-editor\" data-id=\"8a1164f\" data-element_type=\"widget\" data-widget_type=\"text-editor.default\">\n\t\t\t\t\t\t\t\t\t<p>N<strong>ie mo\u017cesz si\u0119 dodzwoni\u0107? Wy\u015blij SMS-a &#8222;Prosz\u0119 o kontakt&#8221; &#8211; szybko oddzwonimy.<\/strong><\/p>\t\t\t\t\t\t\t\t<\/div>\n\t\t\t\t<\/div>\n\t\t\t\t\t<\/div>\n\t\t\t\t<\/div>\n\t\t<div class=\"elementor-element elementor-element-e73a8cc e-flex e-con-boxed e-con e-parent\" data-id=\"e73a8cc\" data-element_type=\"container\">\n\t\t\t\t\t<div class=\"e-con-inner\">\n\t\t\t\t<div class=\"elementor-element elementor-element-2b44525 elementor-widget elementor-widget-google_maps\" data-id=\"2b44525\" data-element_type=\"widget\" data-widget_type=\"google_maps.default\">\n\t\t\t\t\t\t\t<div class=\"elementor-custom-embed\">\n\t\t\t<iframe loading=\"lazy\"\n\t\t\t\t\tsrc=\"https:\/\/maps.google.com\/maps?q=morzyce%206&#038;t=m&#038;z=10&#038;output=embed&#038;iwloc=near\"\n\t\t\t\t\ttitle=\"morzyce 6\"\n\t\t\t\t\taria-label=\"morzyce 6\"\n\t\t\t><\/iframe>\n\t\t<\/div>\n\t\t\t\t\t\t<\/div>\n\t\t\t\t\t<\/div>\n\t\t\t\t<\/div>\n\t\t\t\t<\/div>\n\t\t","protected":false},"excerpt":{"rendered":"<p>Kontakt +48 601-161-233 +48 601-161-242 Nie mo\u017cesz si\u0119 dodzwoni\u0107? Wy\u015blij SMS-a &#8222;Prosz\u0119 o kontakt&#8221; &#8211; szybko oddzwonimy.<\/p>\n","protected":false},"author":1,"featured_media":0,"parent":0,"menu_order":0,"comment_status":"closed","ping_status":"closed","template":"elementor_header_footer","meta":{"footnotes":""},"class_list":["post-748","page","type-page","status-publish","hentry"],"_links":{"self":[{"href":"https:\/\/nadraduniem.pl\/index.php\/wp-json\/wp\/v2\/pages\/748","targetHints":{"allow":["GET"]}}],"collection":[{"href":"https:\/\/nadraduniem.pl\/index.php\/wp-json\/wp\/v2\/pages"}],"about":[{"href":"https:\/\/nadraduniem.pl\/index.php\/wp-json\/wp\/v2\/types\/page"}],"author":[{"embeddable":true,"href":"https:\/\/nadraduniem.pl\/index.php\/wp-json\/wp\/v2\/users\/1"}],"replies":[{"embeddable":true,"href":"https:\/\/nadraduniem.pl\/index.php\/wp-json\/wp\/v2\/comments?post=748"}],"version-history":[{"count":4,"href":"https:\/\/nadraduniem.pl\/index.php\/wp-json\/wp\/v2\/pages\/748\/revisions"}],"predecessor-version":[{"id":753,"href":"https:\/\/nadraduniem.pl\/index.php\/wp-json\/wp\/v2\/pages\/748\/revisions\/753"}],"wp:attachment":[{"href":"https:\/\/nadraduniem.pl\/index.php\/wp-json\/wp\/v2\/media?parent=748"}],"curies":[{"name":"wp","href":"https:\/\/api.w.org\/{rel}","templated":true}]}}