{"id":694,"date":"2025-09-21T17:19:07","date_gmt":"2025-09-21T17:19:07","guid":{"rendered":"http:\/\/uxhhpdt.cluster100.hosting.ovh.net\/?page_id=694"},"modified":"2025-09-21T17:53:21","modified_gmt":"2025-09-21T17:53:21","slug":"pokoje","status":"publish","type":"page","link":"https:\/\/nadraduniem.pl\/index.php\/pokoje\/","title":{"rendered":"Pokoje"},"content":{"rendered":"<div class=\"news\"><img fetchpriority=\"high\" decoding=\"async\" class=\"wp-image-727 aligncenter\" src=\"http:\/\/uxhhpdt.cluster100.hosting.ovh.net\/wp-content\/uploads\/2025\/09\/agroturystyka_walcz-300x73.jpg\" alt=\"\" width=\"662\" height=\"161\" srcset=\"https:\/\/nadraduniem.pl\/wp-content\/uploads\/2025\/09\/agroturystyka_walcz-300x73.jpg 300w, https:\/\/nadraduniem.pl\/wp-content\/uploads\/2025\/09\/agroturystyka_walcz.jpg 700w\" sizes=\"(max-width: 662px) 100vw, 662px\" \/><\/div>\n<div class=\"news\">Agroturystyka NAD RADUNIEM oddaje do Pa\u0144stwa dyspozycji 4 umeblowane, 4-5 osobowe ca\u0142oroczne domki wypoczynkowe w Wa\u0142czu.<\/div>\n<div class=\"news\">Ka\u017cdy z nich posiada:<br \/>\n&#8211; dwa pokoje, z czego wi\u0119kszy z nich jest po\u0142\u0105czony z kuchni\u0105 na zasadzie aneksu,<br \/>\n&#8211; w pe\u0142ni wyposa\u017con\u0105 kuchni\u0119,<br \/>\n&#8211; sporej wielko\u015bci \u0142azienk\u0119 po\u0142\u0105czon\u0105 z WC (w \u0142azienkach kabiny prysznicowe).<br \/>\n&#8211; du\u017cy, zadaszony taras.Do wyboru jest domek z kominkiem w salonie lub bez kominka.Do dyspozycji s\u0105 te\u017c pokoje 1 i 2 osobowe.Na wyposa\u017ceniu pokoj\u00f3w jest:<br \/>\nlod\u00f3wka, mikrofala, czajnik elektryczny.<br \/>\nKa\u017cdy pok\u00f3j posiada swoj\u0105 \u0142azienk\u0119.Dysponujemy r\u00f3wnie\u017c APARTAMENTEM z \u0142azienk\u0105 (dwa pomieszczenia, w kt\u00f3rych mo\u017ce zamieszka\u00e6 2-5 os\u00f3b)<br \/>\nNa wyposa\u017ceniu jest:<br \/>\nlod\u00f3wka, mikrofala, czajnik elektryczny.Zapraszamy!<\/div>\n<div id='gallery-1' class='gallery galleryid-694 gallery-columns-2 gallery-size-large'><figure class='gallery-item'>\n\t\t\t<div class='gallery-icon landscape'>\n\t\t\t\t<a href='https:\/\/nadraduniem.pl\/index.php\/pokoje\/227479_40\/'><img decoding=\"async\" width=\"640\" height=\"480\" src=\"https:\/\/nadraduniem.pl\/wp-content\/uploads\/2025\/09\/227479_40.jpg\" class=\"attachment-large size-large\" alt=\"\" srcset=\"https:\/\/nadraduniem.pl\/wp-content\/uploads\/2025\/09\/227479_40.jpg 640w, https:\/\/nadraduniem.pl\/wp-content\/uploads\/2025\/09\/227479_40-300x225.jpg 300w\" sizes=\"(max-width: 640px) 100vw, 640px\" \/><\/a>\n\t\t\t<\/div><\/figure><figure class='gallery-item'>\n\t\t\t<div class='gallery-icon landscape'>\n\t\t\t\t<a href='https:\/\/nadraduniem.pl\/index.php\/pokoje\/335027_40\/'><img decoding=\"async\" width=\"812\" height=\"609\" src=\"https:\/\/nadraduniem.pl\/wp-content\/uploads\/2025\/09\/335027_40.jpg\" class=\"attachment-large size-large\" alt=\"\" srcset=\"https:\/\/nadraduniem.pl\/wp-content\/uploads\/2025\/09\/335027_40.jpg 900w, https:\/\/nadraduniem.pl\/wp-content\/uploads\/2025\/09\/335027_40-300x225.jpg 300w, https:\/\/nadraduniem.pl\/wp-content\/uploads\/2025\/09\/335027_40-768x576.jpg 768w\" sizes=\"(max-width: 812px) 100vw, 812px\" \/><\/a>\n\t\t\t<\/div><\/figure><figure class='gallery-item'>\n\t\t\t<div class='gallery-icon landscape'>\n\t\t\t\t<a href='https:\/\/nadraduniem.pl\/index.php\/pokoje\/335028_40\/'><img loading=\"lazy\" decoding=\"async\" width=\"700\" height=\"525\" src=\"https:\/\/nadraduniem.pl\/wp-content\/uploads\/2025\/09\/335028_40.jpg\" class=\"attachment-large size-large\" alt=\"\" srcset=\"https:\/\/nadraduniem.pl\/wp-content\/uploads\/2025\/09\/335028_40.jpg 700w, https:\/\/nadraduniem.pl\/wp-content\/uploads\/2025\/09\/335028_40-300x225.jpg 300w\" sizes=\"(max-width: 700px) 100vw, 700px\" \/><\/a>\n\t\t\t<\/div><\/figure><figure class='gallery-item'>\n\t\t\t<div class='gallery-icon landscape'>\n\t\t\t\t<a href='https:\/\/nadraduniem.pl\/index.php\/pokoje\/335029_40\/'><img loading=\"lazy\" decoding=\"async\" width=\"700\" height=\"525\" src=\"https:\/\/nadraduniem.pl\/wp-content\/uploads\/2025\/09\/335029_40.jpg\" class=\"attachment-large size-large\" alt=\"\" srcset=\"https:\/\/nadraduniem.pl\/wp-content\/uploads\/2025\/09\/335029_40.jpg 700w, https:\/\/nadraduniem.pl\/wp-content\/uploads\/2025\/09\/335029_40-300x225.jpg 300w\" sizes=\"(max-width: 700px) 100vw, 700px\" \/><\/a>\n\t\t\t<\/div><\/figure><figure class='gallery-item'>\n\t\t\t<div class='gallery-icon landscape'>\n\t\t\t\t<a href='https:\/\/nadraduniem.pl\/index.php\/pokoje\/335030_40\/'><img loading=\"lazy\" decoding=\"async\" width=\"700\" height=\"525\" src=\"https:\/\/nadraduniem.pl\/wp-content\/uploads\/2025\/09\/335030_40.jpg\" class=\"attachment-large size-large\" alt=\"\" srcset=\"https:\/\/nadraduniem.pl\/wp-content\/uploads\/2025\/09\/335030_40.jpg 700w, https:\/\/nadraduniem.pl\/wp-content\/uploads\/2025\/09\/335030_40-300x225.jpg 300w\" sizes=\"(max-width: 700px) 100vw, 700px\" \/><\/a>\n\t\t\t<\/div><\/figure><figure class='gallery-item'>\n\t\t\t<div class='gallery-icon landscape'>\n\t\t\t\t<a href='https:\/\/nadraduniem.pl\/index.php\/pokoje\/335031_40\/'><img loading=\"lazy\" decoding=\"async\" width=\"700\" height=\"535\" src=\"https:\/\/nadraduniem.pl\/wp-content\/uploads\/2025\/09\/335031_40.jpg\" class=\"attachment-large size-large\" alt=\"\" srcset=\"https:\/\/nadraduniem.pl\/wp-content\/uploads\/2025\/09\/335031_40.jpg 700w, https:\/\/nadraduniem.pl\/wp-content\/uploads\/2025\/09\/335031_40-300x229.jpg 300w\" sizes=\"(max-width: 700px) 100vw, 700px\" \/><\/a>\n\t\t\t<\/div><\/figure><figure class='gallery-item'>\n\t\t\t<div class='gallery-icon landscape'>\n\t\t\t\t<a href='https:\/\/nadraduniem.pl\/index.php\/pokoje\/335032_40\/'><img loading=\"lazy\" decoding=\"async\" width=\"700\" height=\"538\" src=\"https:\/\/nadraduniem.pl\/wp-content\/uploads\/2025\/09\/335032_40.jpg\" class=\"attachment-large size-large\" alt=\"\" srcset=\"https:\/\/nadraduniem.pl\/wp-content\/uploads\/2025\/09\/335032_40.jpg 700w, https:\/\/nadraduniem.pl\/wp-content\/uploads\/2025\/09\/335032_40-300x231.jpg 300w\" sizes=\"(max-width: 700px) 100vw, 700px\" \/><\/a>\n\t\t\t<\/div><\/figure><figure class='gallery-item'>\n\t\t\t<div class='gallery-icon landscape'>\n\t\t\t\t<a href='https:\/\/nadraduniem.pl\/index.php\/pokoje\/335033_40\/'><img loading=\"lazy\" decoding=\"async\" width=\"700\" height=\"525\" src=\"https:\/\/nadraduniem.pl\/wp-content\/uploads\/2025\/09\/335033_40.jpg\" class=\"attachment-large size-large\" alt=\"\" srcset=\"https:\/\/nadraduniem.pl\/wp-content\/uploads\/2025\/09\/335033_40.jpg 700w, https:\/\/nadraduniem.pl\/wp-content\/uploads\/2025\/09\/335033_40-300x225.jpg 300w\" sizes=\"(max-width: 700px) 100vw, 700px\" \/><\/a>\n\t\t\t<\/div><\/figure><figure class='gallery-item'>\n\t\t\t<div class='gallery-icon landscape'>\n\t\t\t\t<a href='https:\/\/nadraduniem.pl\/index.php\/pokoje\/335034_40\/'><img loading=\"lazy\" decoding=\"async\" width=\"700\" height=\"525\" src=\"https:\/\/nadraduniem.pl\/wp-content\/uploads\/2025\/09\/335034_40.jpg\" class=\"attachment-large size-large\" alt=\"\" srcset=\"https:\/\/nadraduniem.pl\/wp-content\/uploads\/2025\/09\/335034_40.jpg 700w, https:\/\/nadraduniem.pl\/wp-content\/uploads\/2025\/09\/335034_40-300x225.jpg 300w\" sizes=\"(max-width: 700px) 100vw, 700px\" \/><\/a>\n\t\t\t<\/div><\/figure><figure class='gallery-item'>\n\t\t\t<div class='gallery-icon landscape'>\n\t\t\t\t<a href='https:\/\/nadraduniem.pl\/index.php\/pokoje\/335036_40\/'><img loading=\"lazy\" decoding=\"async\" width=\"700\" height=\"544\" src=\"https:\/\/nadraduniem.pl\/wp-content\/uploads\/2025\/09\/335036_40.jpg\" class=\"attachment-large size-large\" alt=\"\" srcset=\"https:\/\/nadraduniem.pl\/wp-content\/uploads\/2025\/09\/335036_40.jpg 700w, https:\/\/nadraduniem.pl\/wp-content\/uploads\/2025\/09\/335036_40-300x233.jpg 300w\" sizes=\"(max-width: 700px) 100vw, 700px\" \/><\/a>\n\t\t\t<\/div><\/figure><figure class='gallery-item'>\n\t\t\t<div class='gallery-icon landscape'>\n\t\t\t\t<a href='https:\/\/nadraduniem.pl\/index.php\/pokoje\/335037_40\/'><img loading=\"lazy\" decoding=\"async\" width=\"812\" height=\"609\" src=\"https:\/\/nadraduniem.pl\/wp-content\/uploads\/2025\/09\/335037_40.jpg\" class=\"attachment-large size-large\" alt=\"\" srcset=\"https:\/\/nadraduniem.pl\/wp-content\/uploads\/2025\/09\/335037_40.jpg 900w, https:\/\/nadraduniem.pl\/wp-content\/uploads\/2025\/09\/335037_40-300x225.jpg 300w, https:\/\/nadraduniem.pl\/wp-content\/uploads\/2025\/09\/335037_40-768x576.jpg 768w\" sizes=\"(max-width: 812px) 100vw, 812px\" \/><\/a>\n\t\t\t<\/div><\/figure><figure class='gallery-item'>\n\t\t\t<div class='gallery-icon landscape'>\n\t\t\t\t<a href='https:\/\/nadraduniem.pl\/index.php\/pokoje\/335039_40\/'><img loading=\"lazy\" decoding=\"async\" width=\"700\" height=\"525\" src=\"https:\/\/nadraduniem.pl\/wp-content\/uploads\/2025\/09\/335039_40.jpg\" class=\"attachment-large size-large\" alt=\"\" srcset=\"https:\/\/nadraduniem.pl\/wp-content\/uploads\/2025\/09\/335039_40.jpg 700w, https:\/\/nadraduniem.pl\/wp-content\/uploads\/2025\/09\/335039_40-300x225.jpg 300w\" sizes=\"(max-width: 700px) 100vw, 700px\" \/><\/a>\n\t\t\t<\/div><\/figure><figure class='gallery-item'>\n\t\t\t<div class='gallery-icon landscape'>\n\t\t\t\t<a href='https:\/\/nadraduniem.pl\/index.php\/pokoje\/335040_40\/'><img loading=\"lazy\" decoding=\"async\" width=\"812\" height=\"609\" src=\"https:\/\/nadraduniem.pl\/wp-content\/uploads\/2025\/09\/335040_40.jpg\" class=\"attachment-large size-large\" alt=\"\" srcset=\"https:\/\/nadraduniem.pl\/wp-content\/uploads\/2025\/09\/335040_40.jpg 900w, https:\/\/nadraduniem.pl\/wp-content\/uploads\/2025\/09\/335040_40-300x225.jpg 300w, https:\/\/nadraduniem.pl\/wp-content\/uploads\/2025\/09\/335040_40-768x576.jpg 768w\" sizes=\"(max-width: 812px) 100vw, 812px\" \/><\/a>\n\t\t\t<\/div><\/figure><figure class='gallery-item'>\n\t\t\t<div class='gallery-icon landscape'>\n\t\t\t\t<a href='https:\/\/nadraduniem.pl\/index.php\/pokoje\/335041_40\/'><img loading=\"lazy\" decoding=\"async\" width=\"700\" height=\"525\" src=\"https:\/\/nadraduniem.pl\/wp-content\/uploads\/2025\/09\/335041_40.jpg\" class=\"attachment-large size-large\" alt=\"\" srcset=\"https:\/\/nadraduniem.pl\/wp-content\/uploads\/2025\/09\/335041_40.jpg 700w, https:\/\/nadraduniem.pl\/wp-content\/uploads\/2025\/09\/335041_40-300x225.jpg 300w\" sizes=\"(max-width: 700px) 100vw, 700px\" \/><\/a>\n\t\t\t<\/div><\/figure><figure class='gallery-item'>\n\t\t\t<div class='gallery-icon landscape'>\n\t\t\t\t<a href='https:\/\/nadraduniem.pl\/index.php\/pokoje\/335043_40\/'><img loading=\"lazy\" decoding=\"async\" width=\"700\" height=\"525\" src=\"https:\/\/nadraduniem.pl\/wp-content\/uploads\/2025\/09\/335043_40.jpg\" class=\"attachment-large size-large\" alt=\"\" srcset=\"https:\/\/nadraduniem.pl\/wp-content\/uploads\/2025\/09\/335043_40.jpg 700w, https:\/\/nadraduniem.pl\/wp-content\/uploads\/2025\/09\/335043_40-300x225.jpg 300w\" sizes=\"(max-width: 700px) 100vw, 700px\" \/><\/a>\n\t\t\t<\/div><\/figure><figure class='gallery-item'>\n\t\t\t<div class='gallery-icon landscape'>\n\t\t\t\t<a href='https:\/\/nadraduniem.pl\/index.php\/pokoje\/335044_40\/'><img loading=\"lazy\" decoding=\"async\" width=\"812\" height=\"609\" src=\"https:\/\/nadraduniem.pl\/wp-content\/uploads\/2025\/09\/335044_40.jpg\" class=\"attachment-large size-large\" alt=\"\" srcset=\"https:\/\/nadraduniem.pl\/wp-content\/uploads\/2025\/09\/335044_40.jpg 900w, https:\/\/nadraduniem.pl\/wp-content\/uploads\/2025\/09\/335044_40-300x225.jpg 300w, https:\/\/nadraduniem.pl\/wp-content\/uploads\/2025\/09\/335044_40-768x576.jpg 768w\" sizes=\"(max-width: 812px) 100vw, 812px\" \/><\/a>\n\t\t\t<\/div><\/figure>\n\t\t<\/div>\n\n","protected":false},"excerpt":{"rendered":"<p>Agroturystyka NAD RADUNIEM oddaje do Pa\u0144stwa dyspozycji 4 umeblowane, 4-5 osobowe ca\u0142oroczne domki wypoczynkowe w Wa\u0142czu. Ka\u017cdy z nich posiada: &#8211; dwa pokoje, z czego wi\u0119kszy z nich jest po\u0142\u0105czony z kuchni\u0105 na zasadzie aneksu, &#8211; w pe\u0142ni wyposa\u017con\u0105 kuchni\u0119, &#8211; sporej wielko\u015bci \u0142azienk\u0119 po\u0142\u0105czon\u0105 z WC (w \u0142azienkach kabiny prysznicowe). &#8211; du\u017cy, zadaszony taras.Do [&hellip;]<\/p>\n","protected":false},"author":1,"featured_media":0,"parent":0,"menu_order":0,"comment_status":"closed","ping_status":"closed","template":"","meta":{"footnotes":""},"class_list":["post-694","page","type-page","status-publish","hentry"],"_links":{"self":[{"href":"https:\/\/nadraduniem.pl\/index.php\/wp-json\/wp\/v2\/pages\/694","targetHints":{"allow":["GET"]}}],"collection":[{"href":"https:\/\/nadraduniem.pl\/index.php\/wp-json\/wp\/v2\/pages"}],"about":[{"href":"https:\/\/nadraduniem.pl\/index.php\/wp-json\/wp\/v2\/types\/page"}],"author":[{"embeddable":true,"href":"https:\/\/nadraduniem.pl\/index.php\/wp-json\/wp\/v2\/users\/1"}],"replies":[{"embeddable":true,"href":"https:\/\/nadraduniem.pl\/index.php\/wp-json\/wp\/v2\/comments?post=694"}],"version-history":[{"count":10,"href":"https:\/\/nadraduniem.pl\/index.php\/wp-json\/wp\/v2\/pages\/694\/revisions"}],"predecessor-version":[{"id":729,"href":"https:\/\/nadraduniem.pl\/index.php\/wp-json\/wp\/v2\/pages\/694\/revisions\/729"}],"wp:attachment":[{"href":"https:\/\/nadraduniem.pl\/index.php\/wp-json\/wp\/v2\/media?parent=694"}],"curies":[{"name":"wp","href":"https:\/\/api.w.org\/{rel}","templated":true}]}}