{"id":445,"date":"2020-04-14T05:51:16","date_gmt":"2020-04-14T05:51:16","guid":{"rendered":"https:\/\/zakra-professional.sites.qsandbox.com\/?page_id=20"},"modified":"2025-12-02T16:57:54","modified_gmt":"2025-12-02T16:57:54","slug":"home-2","status":"publish","type":"page","link":"https:\/\/nadraduniem.pl\/","title":{"rendered":"Strona G\u0142\u00f3wna"},"content":{"rendered":"\t\t<div data-elementor-type=\"wp-page\" data-elementor-id=\"445\" class=\"elementor elementor-445\">\n\t\t\t\t\t\t<section class=\"elementor-section elementor-top-section elementor-element elementor-element-a105d6f elementor-section-boxed elementor-section-height-default elementor-section-height-default\" data-id=\"a105d6f\" data-element_type=\"section\" data-settings=\"{&quot;background_background&quot;:&quot;classic&quot;}\">\n\t\t\t\t\t\t<div class=\"elementor-container elementor-column-gap-default\">\n\t\t\t\t\t<div class=\"elementor-column elementor-col-100 elementor-top-column elementor-element elementor-element-302bd47\" data-id=\"302bd47\" data-element_type=\"column\">\n\t\t\t<div class=\"elementor-widget-wrap elementor-element-populated\">\n\t\t\t\t\t\t<div class=\"elementor-element elementor-element-7276dac elementor-invisible elementor-widget elementor-widget-heading\" data-id=\"7276dac\" data-element_type=\"widget\" data-settings=\"{&quot;_animation&quot;:&quot;zoomIn&quot;}\" data-widget_type=\"heading.default\">\n\t\t\t\t\t<h1 class=\"elementor-heading-title elementor-size-default\">NAD RADUNIEM<\/h1>\t\t\t\t<\/div>\n\t\t\t\t<div class=\"elementor-element elementor-element-d62daa3 animated-slow elementor-invisible elementor-widget elementor-widget-heading\" data-id=\"d62daa3\" data-element_type=\"widget\" data-settings=\"{&quot;_animation&quot;:&quot;zoomIn&quot;}\" data-widget_type=\"heading.default\">\n\t\t\t\t\t<h5 class=\"elementor-heading-title elementor-size-default\">AGROTURYSTYKA Wa\u0142cz<\/h5>\t\t\t\t<\/div>\n\t\t\t\t\t<\/div>\n\t\t<\/div>\n\t\t\t\t\t<\/div>\n\t\t<\/section>\n\t\t\t\t<section class=\"elementor-section elementor-top-section elementor-element elementor-element-8cb799b elementor-section-boxed elementor-section-height-default elementor-section-height-default\" data-id=\"8cb799b\" data-element_type=\"section\">\n\t\t\t\t\t\t<div class=\"elementor-container elementor-column-gap-default\">\n\t\t\t\t\t<div class=\"elementor-column elementor-col-100 elementor-top-column elementor-element elementor-element-5d8ba47\" data-id=\"5d8ba47\" data-element_type=\"column\">\n\t\t\t<div class=\"elementor-widget-wrap elementor-element-populated\">\n\t\t\t\t\t\t<section class=\"elementor-section elementor-inner-section elementor-element elementor-element-3de37dd elementor-section-boxed elementor-section-height-default elementor-section-height-default\" data-id=\"3de37dd\" data-element_type=\"section\">\n\t\t\t\t\t\t<div class=\"elementor-container elementor-column-gap-default\">\n\t\t\t\t\t<div class=\"elementor-column elementor-col-50 elementor-inner-column elementor-element elementor-element-705642d\" data-id=\"705642d\" data-element_type=\"column\">\n\t\t\t<div class=\"elementor-widget-wrap elementor-element-populated\">\n\t\t\t\t\t\t<div class=\"elementor-element elementor-element-1e03a69 elementor-widget elementor-widget-heading\" data-id=\"1e03a69\" data-element_type=\"widget\" data-widget_type=\"heading.default\">\n\t\t\t\t\t<h2 class=\"elementor-heading-title elementor-size-default\">Domki nad Raduniem<\/h2>\t\t\t\t<\/div>\n\t\t\t\t\t<\/div>\n\t\t<\/div>\n\t\t\t\t<div class=\"elementor-column elementor-col-50 elementor-inner-column elementor-element elementor-element-23ff388\" data-id=\"23ff388\" data-element_type=\"column\">\n\t\t\t<div class=\"elementor-widget-wrap elementor-element-populated\">\n\t\t\t\t\t\t<div class=\"elementor-element elementor-element-343c0ab elementor-widget elementor-widget-text-editor\" data-id=\"343c0ab\" data-element_type=\"widget\" data-widget_type=\"text-editor.default\">\n\t\t\t\t\t\t\t\t\t<p><strong>Domki nad Raduniem to komfortowe, ca\u0142oroczne domki wypoczynkowe po\u0142o\u017cone w sercu natury, w otoczeniu jezior i las\u00f3w. To idealne miejsce dla rodzin i os\u00f3b aktywnych \u2013 w pobli\u017cu znajduj\u0105 si\u0119 malownicze \u015bcie\u017cki rowerowe, jeziora i rzeki idealne do k\u0105pieli czy w\u0119dkowania, lasy pe\u0142ne grzyb\u00f3w oraz park linowy w Rudnicy. Niezapomnianych wra\u017ce\u0144 dostarczy tak\u017ce panorama Jeziora Radu\u0144 z Alei Gwiazd Sportu. Po drugiej stronie jeziora dzia\u0142a O\u015brodek Przygotowa\u0144 Olimpijskich z basenami i stref\u0105 spa. Na miejscu go\u015bcie mog\u0105 korzysta\u0107 m.in. z basenu, rower\u00f3w, \u0142owiska, du\u017cego placu zabaw, altany z grillem i w\u0119dzark\u0105 oraz gier planszowych na deszczowe dni.<\/strong><\/p>\t\t\t\t\t\t\t\t<\/div>\n\t\t\t\t\t<\/div>\n\t\t<\/div>\n\t\t\t\t\t<\/div>\n\t\t<\/section>\n\t\t\t\t\t<\/div>\n\t\t<\/div>\n\t\t\t\t\t<\/div>\n\t\t<\/section>\n\t\t\t\t<section class=\"elementor-section elementor-top-section elementor-element elementor-element-1f1f53c elementor-section-boxed elementor-section-height-default elementor-section-height-default\" data-id=\"1f1f53c\" data-element_type=\"section\" data-settings=\"{&quot;background_background&quot;:&quot;classic&quot;}\">\n\t\t\t\t\t\t<div class=\"elementor-container elementor-column-gap-default\">\n\t\t\t\t\t<div class=\"elementor-column elementor-col-100 elementor-top-column elementor-element elementor-element-407e84b\" data-id=\"407e84b\" data-element_type=\"column\">\n\t\t\t<div class=\"elementor-widget-wrap elementor-element-populated\">\n\t\t\t\t\t\t<section class=\"elementor-section elementor-inner-section elementor-element elementor-element-38de633 elementor-section-boxed elementor-section-height-default elementor-section-height-default\" data-id=\"38de633\" data-element_type=\"section\">\n\t\t\t\t\t\t<div class=\"elementor-container elementor-column-gap-default\">\n\t\t\t\t\t<div class=\"elementor-column elementor-col-100 elementor-inner-column elementor-element elementor-element-54b3b25\" data-id=\"54b3b25\" data-element_type=\"column\">\n\t\t\t<div class=\"elementor-widget-wrap elementor-element-populated\">\n\t\t\t\t\t\t<div class=\"elementor-element elementor-element-979e0a8 elementor-widget elementor-widget-heading\" data-id=\"979e0a8\" data-element_type=\"widget\" data-widget_type=\"heading.default\">\n\t\t\t\t\t<h3 class=\"elementor-heading-title elementor-size-default\">Nasz o\u015brodek<\/h3>\t\t\t\t<\/div>\n\t\t<div class=\"elementor-element elementor-element-28a8856 e-flex e-con-boxed e-con e-parent\" data-id=\"28a8856\" data-element_type=\"container\">\n\t\t\t\t\t<div class=\"e-con-inner\">\n\t\t\t\t<div class=\"elementor-element elementor-element-ccf2c5f elementor-arrows-position-inside elementor-pagination-position-outside elementor-widget elementor-widget-image-carousel\" data-id=\"ccf2c5f\" data-element_type=\"widget\" data-settings=\"{&quot;slides_to_show&quot;:&quot;1&quot;,&quot;navigation&quot;:&quot;both&quot;,&quot;autoplay&quot;:&quot;yes&quot;,&quot;pause_on_hover&quot;:&quot;yes&quot;,&quot;pause_on_interaction&quot;:&quot;yes&quot;,&quot;autoplay_speed&quot;:5000,&quot;infinite&quot;:&quot;yes&quot;,&quot;effect&quot;:&quot;slide&quot;,&quot;speed&quot;:500}\" data-widget_type=\"image-carousel.default\">\n\t\t\t\t\t\t\t<div class=\"elementor-image-carousel-wrapper swiper\" role=\"region\" aria-roledescription=\"carousel\" aria-label=\"Karuzela obrazk\u00f3w\" dir=\"ltr\">\n\t\t\t<div class=\"elementor-image-carousel swiper-wrapper\" aria-live=\"off\">\n\t\t\t\t\t\t\t\t<div class=\"swiper-slide\" role=\"group\" aria-roledescription=\"slide\" aria-label=\"1 z 16\"><figure class=\"swiper-slide-inner\"><img decoding=\"async\" class=\"swiper-slide-image\" src=\"https:\/\/nadraduniem.pl\/wp-content\/uploads\/elementor\/thumbs\/2_1-rc3bebf6szyt47s0hazpb9x0k75vngrppdf02eex2o.jpg\" alt=\"2_1\" \/><\/figure><\/div><div class=\"swiper-slide\" role=\"group\" aria-roledescription=\"slide\" aria-label=\"2 z 16\"><figure class=\"swiper-slide-inner\"><img decoding=\"async\" class=\"swiper-slide-image\" src=\"https:\/\/nadraduniem.pl\/wp-content\/uploads\/elementor\/thumbs\/5-rc3bedav6o1drfpa6bsyg9fxqywm2uz6dmpz0yc4q8.jpg\" alt=\"5\" \/><\/figure><\/div><div class=\"swiper-slide\" role=\"group\" aria-roledescription=\"slide\" aria-label=\"3 z 16\"><figure class=\"swiper-slide-inner\"><img decoding=\"async\" class=\"swiper-slide-image\" src=\"https:\/\/nadraduniem.pl\/wp-content\/uploads\/elementor\/thumbs\/6-rc3bedav6o1drfpa6bsyg9fxqywm2uz6dmpz0yc4q8.jpg\" alt=\"6\" \/><\/figure><\/div><div class=\"swiper-slide\" role=\"group\" aria-roledescription=\"slide\" aria-label=\"4 z 16\"><figure class=\"swiper-slide-inner\"><img decoding=\"async\" class=\"swiper-slide-image\" src=\"https:\/\/nadraduniem.pl\/wp-content\/uploads\/elementor\/thumbs\/7_1-rc3bee8pdi2o31nx0u7l0r7eccrzak2wprdgi8aqk0.jpg\" alt=\"7_1\" \/><\/figure><\/div><div class=\"swiper-slide\" role=\"group\" aria-roledescription=\"slide\" aria-label=\"5 z 16\"><figure class=\"swiper-slide-inner\"><img decoding=\"async\" class=\"swiper-slide-image\" src=\"https:\/\/nadraduniem.pl\/wp-content\/uploads\/elementor\/thumbs\/9-rc3bef6jkc3yenmjvcm7l8yuxqnci96n1w0xzi9cds.jpg\" alt=\"9\" \/><\/figure><\/div><div class=\"swiper-slide\" role=\"group\" aria-roledescription=\"slide\" aria-label=\"6 z 16\"><figure class=\"swiper-slide-inner\"><img decoding=\"async\" class=\"swiper-slide-image\" src=\"https:\/\/nadraduniem.pl\/wp-content\/uploads\/elementor\/thumbs\/9_1-rc3bef6jkc3yenmjvcm7l8yuxqnci96n1w0xzi9cds.jpg\" alt=\"9_1\" \/><\/figure><\/div><div class=\"swiper-slide\" role=\"group\" aria-roledescription=\"slide\" aria-label=\"7 z 16\"><figure class=\"swiper-slide-inner\"><img decoding=\"async\" class=\"swiper-slide-image\" src=\"https:\/\/nadraduniem.pl\/wp-content\/uploads\/elementor\/thumbs\/10-rc3beg4dr658q9l6pv0u5qqbj4ippyade0ofgs7y7k.jpg\" alt=\"10\" \/><\/figure><\/div><div class=\"swiper-slide\" role=\"group\" aria-roledescription=\"slide\" aria-label=\"8 z 16\"><figure class=\"swiper-slide-inner\"><img decoding=\"async\" class=\"swiper-slide-image\" src=\"https:\/\/nadraduniem.pl\/wp-content\/uploads\/elementor\/thumbs\/13-rc3beg4dr658q9l6pv0u5qqbj4ippyade0ofgs7y7k.jpg\" alt=\"13\" \/><\/figure><\/div><div class=\"swiper-slide\" role=\"group\" aria-roledescription=\"slide\" aria-label=\"9 z 16\"><figure class=\"swiper-slide-inner\"><img decoding=\"async\" class=\"swiper-slide-image\" src=\"https:\/\/nadraduniem.pl\/wp-content\/uploads\/elementor\/thumbs\/14-rc3beh27y06j1vjtkdfgq8hs4ie2xne3q5bwy26k1c.jpg\" alt=\"14\" \/><\/figure><\/div><div class=\"swiper-slide\" role=\"group\" aria-roledescription=\"slide\" aria-label=\"10 z 16\"><figure class=\"swiper-slide-inner\"><img decoding=\"async\" class=\"swiper-slide-image\" src=\"https:\/\/nadraduniem.pl\/wp-content\/uploads\/elementor\/thumbs\/14a-rc3beh27y06j1vjtkdfgq8hs4ie2xne3q5bwy26k1c.jpg\" alt=\"14a\" \/><\/figure><\/div><div class=\"swiper-slide\" role=\"group\" aria-roledescription=\"slide\" aria-label=\"11 z 16\"><figure class=\"swiper-slide-inner\"><img decoding=\"async\" class=\"swiper-slide-image\" src=\"https:\/\/nadraduniem.pl\/wp-content\/uploads\/elementor\/thumbs\/15-rc3bei024u7tdhigevu3aq98pw9g5chu29zefc55v4.jpg\" alt=\"15\" \/><\/figure><\/div><div class=\"swiper-slide\" role=\"group\" aria-roledescription=\"slide\" aria-label=\"12 z 16\"><figure class=\"swiper-slide-inner\"><img decoding=\"async\" class=\"swiper-slide-image\" src=\"https:\/\/nadraduniem.pl\/wp-content\/uploads\/elementor\/thumbs\/20240626_203029-scaled-rcpu2zqqgxl5jdeph1ib94h10pm1cywpw3sa1g06i8.jpg\" alt=\"20240626_203029\" \/><\/figure><\/div><div class=\"swiper-slide\" role=\"group\" aria-roledescription=\"slide\" aria-label=\"13 z 16\"><figure class=\"swiper-slide-inner\"><img decoding=\"async\" class=\"swiper-slide-image\" src=\"https:\/\/nadraduniem.pl\/wp-content\/uploads\/elementor\/thumbs\/20240629_113412-scaled-rcpu35drlxsvh16ik3y2o31sl0u8n5j3wvp6x3rtgw.jpg\" alt=\"20240629_113412\" \/><\/figure><\/div><div class=\"swiper-slide\" role=\"group\" aria-roledescription=\"slide\" aria-label=\"14 z 16\"><figure class=\"swiper-slide-inner\"><img decoding=\"async\" class=\"swiper-slide-image\" src=\"https:\/\/nadraduniem.pl\/wp-content\/uploads\/elementor\/thumbs\/20240716_120218-scaled-rcpu3bymxs1vqawyhosgnje0qpxt51989s9la1i29c.jpg\" alt=\"20240716_120218\" \/><\/figure><\/div><div class=\"swiper-slide\" role=\"group\" aria-roledescription=\"slide\" aria-label=\"15 z 16\"><figure class=\"swiper-slide-inner\"><img decoding=\"async\" class=\"swiper-slide-image\" src=\"https:\/\/nadraduniem.pl\/wp-content\/uploads\/elementor\/thumbs\/20250504_152910-scaled-rcpu3fpzp4710qrhvqeyxifv49f9zto5mavj75chkg.jpg\" alt=\"20250504_152910\" \/><\/figure><\/div><div class=\"swiper-slide\" role=\"group\" aria-roledescription=\"slide\" aria-label=\"16 z 16\"><figure class=\"swiper-slide-inner\"><img decoding=\"async\" class=\"swiper-slide-image\" src=\"https:\/\/nadraduniem.pl\/wp-content\/uploads\/elementor\/thumbs\/20250709_155411-scaled-rcpu3ld0u4eqyejaysuqch0moknha0ajn2sg2t44j4.jpg\" alt=\"20250709_155411\" \/><\/figure><\/div>\t\t\t<\/div>\n\t\t\t\t\t\t\t\t\t\t\t\t<div class=\"elementor-swiper-button elementor-swiper-button-prev\" role=\"button\" tabindex=\"0\">\n\t\t\t\t\t\t<svg aria-hidden=\"true\" class=\"e-font-icon-svg e-eicon-chevron-left\" viewBox=\"0 0 1000 1000\" xmlns=\"http:\/\/www.w3.org\/2000\/svg\"><path d=\"M646 125C629 125 613 133 604 142L308 442C296 454 292 471 292 487 292 504 296 521 308 533L604 854C617 867 629 875 646 875 663 875 679 871 692 858 704 846 713 829 713 812 713 796 708 779 692 767L438 487 692 225C700 217 708 204 708 187 708 171 704 154 692 142 675 129 663 125 646 125Z\"><\/path><\/svg>\t\t\t\t\t<\/div>\n\t\t\t\t\t<div class=\"elementor-swiper-button elementor-swiper-button-next\" role=\"button\" tabindex=\"0\">\n\t\t\t\t\t\t<svg aria-hidden=\"true\" class=\"e-font-icon-svg e-eicon-chevron-right\" viewBox=\"0 0 1000 1000\" xmlns=\"http:\/\/www.w3.org\/2000\/svg\"><path d=\"M696 533C708 521 713 504 713 487 713 471 708 454 696 446L400 146C388 133 375 125 354 125 338 125 325 129 313 142 300 154 292 171 292 187 292 204 296 221 308 233L563 492 304 771C292 783 288 800 288 817 288 833 296 850 308 863 321 871 338 875 354 875 371 875 388 867 400 854L696 533Z\"><\/path><\/svg>\t\t\t\t\t<\/div>\n\t\t\t\t\n\t\t\t\t\t\t\t\t\t<div class=\"swiper-pagination\"><\/div>\n\t\t\t\t\t\t\t\t\t<\/div>\n\t\t\t\t\t\t<\/div>\n\t\t\t\t\t<\/div>\n\t\t\t\t<\/div>\n\t\t\t\t\t<\/div>\n\t\t<\/div>\n\t\t\t\t\t<\/div>\n\t\t<\/section>\n\t\t\t\t\t<\/div>\n\t\t<\/div>\n\t\t\t\t\t<\/div>\n\t\t<\/section>\n\t\t\t\t<section class=\"elementor-section elementor-top-section elementor-element elementor-element-5c6c24e elementor-section-boxed elementor-section-height-default elementor-section-height-default\" data-id=\"5c6c24e\" data-element_type=\"section\">\n\t\t\t\t\t\t<div class=\"elementor-container elementor-column-gap-default\">\n\t\t\t\t\t<div class=\"elementor-column elementor-col-100 elementor-top-column elementor-element elementor-element-7ead1dc\" data-id=\"7ead1dc\" data-element_type=\"column\">\n\t\t\t<div class=\"elementor-widget-wrap elementor-element-populated\">\n\t\t\t\t\t\t<section class=\"elementor-section elementor-inner-section elementor-element elementor-element-93bcf01 elementor-section-boxed elementor-section-height-default elementor-section-height-default\" data-id=\"93bcf01\" data-element_type=\"section\">\n\t\t\t\t\t\t<div class=\"elementor-container elementor-column-gap-default\">\n\t\t\t\t\t<div class=\"elementor-column elementor-col-100 elementor-inner-column elementor-element elementor-element-ec68e4c\" data-id=\"ec68e4c\" data-element_type=\"column\">\n\t\t\t<div class=\"elementor-widget-wrap elementor-element-populated\">\n\t\t\t\t\t\t<div class=\"elementor-element elementor-element-bf6a7d8 elementor-widget elementor-widget-heading\" data-id=\"bf6a7d8\" data-element_type=\"widget\" data-widget_type=\"heading.default\">\n\t\t\t\t\t<h3 class=\"elementor-heading-title elementor-size-default\">Nasi klienci o nas...<\/h3>\t\t\t\t<\/div>\n\t\t\t\t\t<\/div>\n\t\t<\/div>\n\t\t\t\t\t<\/div>\n\t\t<\/section>\n\t\t\t\t<section class=\"elementor-section elementor-inner-section elementor-element elementor-element-afbe03e elementor-section-boxed elementor-section-height-default elementor-section-height-default\" data-id=\"afbe03e\" data-element_type=\"section\">\n\t\t\t\t\t\t<div class=\"elementor-container elementor-column-gap-default\">\n\t\t\t\t\t<div class=\"elementor-column elementor-col-33 elementor-inner-column elementor-element elementor-element-6c59752\" data-id=\"6c59752\" data-element_type=\"column\">\n\t\t\t<div class=\"elementor-widget-wrap elementor-element-populated\">\n\t\t\t\t\t\t<div class=\"elementor-element elementor-element-f0d1172 elementor-widget elementor-widget-image\" data-id=\"f0d1172\" data-element_type=\"widget\" data-widget_type=\"image.default\">\n\t\t\t\t\t\t\t\t\t\t\t\t\t\t\t\t<a href=\"#\">\n\t\t\t\t\t\t\t<img fetchpriority=\"high\" decoding=\"async\" width=\"1024\" height=\"210\" src=\"https:\/\/nadraduniem.pl\/wp-content\/uploads\/2025\/09\/pngegg-6-1024x210.png\" class=\"attachment-large size-large wp-image-684\" alt=\"\" srcset=\"https:\/\/nadraduniem.pl\/wp-content\/uploads\/2025\/09\/pngegg-6-1024x210.png 1024w, https:\/\/nadraduniem.pl\/wp-content\/uploads\/2025\/09\/pngegg-6-300x62.png 300w, https:\/\/nadraduniem.pl\/wp-content\/uploads\/2025\/09\/pngegg-6-768x158.png 768w, https:\/\/nadraduniem.pl\/wp-content\/uploads\/2025\/09\/pngegg-6.png 1280w\" sizes=\"(max-width: 1024px) 100vw, 1024px\" \/>\t\t\t\t\t\t\t\t<\/a>\n\t\t\t\t\t\t\t\t\t\t\t\t\t\t\t<\/div>\n\t\t\t\t<div class=\"elementor-element elementor-element-9fe1c37 elementor-widget elementor-widget-heading\" data-id=\"9fe1c37\" data-element_type=\"widget\" data-widget_type=\"heading.default\">\n\t\t\t\t\t<h6 class=\"elementor-heading-title elementor-size-default\"><a href=\"#\">Dariusz<\/a><\/h6>\t\t\t\t<\/div>\n\t\t\t\t<div class=\"elementor-element elementor-element-a24a8b6 elementor-widget elementor-widget-text-editor\" data-id=\"a24a8b6\" data-element_type=\"widget\" data-widget_type=\"text-editor.default\">\n\t\t\t\t\t\t\t\t\t<p><span style=\"white-space: pre-wrap;\">Przede wszystkim baardzo sympatyczni w\u0142ascicele. Cisza spok\u00f3j, prz\u0119piekne krajobrazy, blisko jeziora, lasy&#8230; To miejsce z dusza&#8230; Bardzo Polecamy <\/span><\/p>\t\t\t\t\t\t\t\t<\/div>\n\t\t\t\t\t<\/div>\n\t\t<\/div>\n\t\t\t\t<div class=\"elementor-column elementor-col-33 elementor-inner-column elementor-element elementor-element-6639b12\" data-id=\"6639b12\" data-element_type=\"column\">\n\t\t\t<div class=\"elementor-widget-wrap elementor-element-populated\">\n\t\t\t\t\t\t<div class=\"elementor-element elementor-element-069c97b elementor-widget elementor-widget-image\" data-id=\"069c97b\" data-element_type=\"widget\" data-widget_type=\"image.default\">\n\t\t\t\t\t\t\t\t\t\t\t\t\t\t\t\t<a href=\"#\">\n\t\t\t\t\t\t\t<img fetchpriority=\"high\" decoding=\"async\" width=\"1024\" height=\"210\" src=\"https:\/\/nadraduniem.pl\/wp-content\/uploads\/2025\/09\/pngegg-6-1024x210.png\" class=\"attachment-large size-large wp-image-684\" alt=\"\" srcset=\"https:\/\/nadraduniem.pl\/wp-content\/uploads\/2025\/09\/pngegg-6-1024x210.png 1024w, https:\/\/nadraduniem.pl\/wp-content\/uploads\/2025\/09\/pngegg-6-300x62.png 300w, https:\/\/nadraduniem.pl\/wp-content\/uploads\/2025\/09\/pngegg-6-768x158.png 768w, https:\/\/nadraduniem.pl\/wp-content\/uploads\/2025\/09\/pngegg-6.png 1280w\" sizes=\"(max-width: 1024px) 100vw, 1024px\" \/>\t\t\t\t\t\t\t\t<\/a>\n\t\t\t\t\t\t\t\t\t\t\t\t\t\t\t<\/div>\n\t\t\t\t<div class=\"elementor-element elementor-element-c769634 elementor-widget elementor-widget-heading\" data-id=\"c769634\" data-element_type=\"widget\" data-widget_type=\"heading.default\">\n\t\t\t\t\t<h6 class=\"elementor-heading-title elementor-size-default\"><a href=\"#\">Katarzyna<\/a><\/h6>\t\t\t\t<\/div>\n\t\t\t\t<div class=\"elementor-element elementor-element-7458d79 elementor-widget elementor-widget-text-editor\" data-id=\"7458d79\" data-element_type=\"widget\" data-widget_type=\"text-editor.default\">\n\t\t\t\t\t\t\t\t\t<p>Agroturystyka po\u0142o\u017cona tu\u017c za miastem, co bardzo nam odpowiada\u0142o, mogli\u015bmy si\u0119 cieszy\u0107 cisz\u0105. O\u015brodek ogrodzony, czuli\u015bmy si\u0119 bardzo bezpiecznie. Bardzo kameralny, 4 domki a w oko\u0142o jakby czarodziejski ogr\u00f3d pe\u0142en kwiat\u00f3w i lampek solarnych. Domek spe\u0142ni\u0142 nasze oczekiwania, nie brakowa\u0142o w nim niczego, a kuchnia w pe\u0142ni wyposa\u017cona. D<\/p>\t\t\t\t\t\t\t\t<\/div>\n\t\t\t\t\t<\/div>\n\t\t<\/div>\n\t\t\t\t<div class=\"elementor-column elementor-col-33 elementor-inner-column elementor-element elementor-element-bb518ad\" data-id=\"bb518ad\" data-element_type=\"column\">\n\t\t\t<div class=\"elementor-widget-wrap elementor-element-populated\">\n\t\t\t\t\t\t<div class=\"elementor-element elementor-element-e05666a elementor-widget elementor-widget-image\" data-id=\"e05666a\" data-element_type=\"widget\" data-widget_type=\"image.default\">\n\t\t\t\t\t\t\t\t\t\t\t\t\t\t\t\t<a href=\"#\">\n\t\t\t\t\t\t\t<img decoding=\"async\" width=\"1024\" height=\"210\" src=\"https:\/\/nadraduniem.pl\/wp-content\/uploads\/2025\/09\/pngegg-6-1-1024x210.png\" class=\"attachment-large size-large wp-image-685\" alt=\"\" srcset=\"https:\/\/nadraduniem.pl\/wp-content\/uploads\/2025\/09\/pngegg-6-1-1024x210.png 1024w, https:\/\/nadraduniem.pl\/wp-content\/uploads\/2025\/09\/pngegg-6-1-300x62.png 300w, https:\/\/nadraduniem.pl\/wp-content\/uploads\/2025\/09\/pngegg-6-1-768x158.png 768w, https:\/\/nadraduniem.pl\/wp-content\/uploads\/2025\/09\/pngegg-6-1.png 1280w\" sizes=\"(max-width: 1024px) 100vw, 1024px\" \/>\t\t\t\t\t\t\t\t<\/a>\n\t\t\t\t\t\t\t\t\t\t\t\t\t\t\t<\/div>\n\t\t\t\t<div class=\"elementor-element elementor-element-6aa2f86 elementor-widget elementor-widget-heading\" data-id=\"6aa2f86\" data-element_type=\"widget\" data-widget_type=\"heading.default\">\n\t\t\t\t\t<h6 class=\"elementor-heading-title elementor-size-default\"><a href=\"#\">Zofia<\/a><\/h6>\t\t\t\t<\/div>\n\t\t\t\t<div class=\"elementor-element elementor-element-719c077 elementor-widget elementor-widget-text-editor\" data-id=\"719c077\" data-element_type=\"widget\" data-widget_type=\"text-editor.default\">\n\t\t\t\t\t\t\t\t\t<p>Przeje\u017cd\u017camy od kilku lat. Jeste\u015bmy bardzo zadowoleni-pi\u0119kne,bezpieczne,ogrodzone miejsce. Fantastyczna okolica no i gospodarze. Pomocni,u\u0142atwiaj\u0105cy kupno wiktua\u0142\u00f3w prosto z gospodarstwa. Zawsze za kr\u00f3tko!<\/p>\t\t\t\t\t\t\t\t<\/div>\n\t\t\t\t\t<\/div>\n\t\t<\/div>\n\t\t\t\t\t<\/div>\n\t\t<\/section>\n\t\t\t\t\t<\/div>\n\t\t<\/div>\n\t\t\t\t\t<\/div>\n\t\t<\/section>\n\t\t\t\t<\/div>\n\t\t","protected":false},"excerpt":{"rendered":"<p>NAD RADUNIEM AGROTURYSTYKA Wa\u0142cz Domki nad Raduniem Domki nad Raduniem to komfortowe, ca\u0142oroczne domki wypoczynkowe po\u0142o\u017cone w sercu natury, w otoczeniu jezior i las\u00f3w. To idealne miejsce dla rodzin i os\u00f3b aktywnych \u2013 w pobli\u017cu znajduj\u0105 si\u0119 malownicze \u015bcie\u017cki rowerowe, jeziora i rzeki idealne do k\u0105pieli czy w\u0119dkowania, lasy pe\u0142ne grzyb\u00f3w oraz park linowy w [&hellip;]<\/p>\n","protected":false},"author":1,"featured_media":0,"parent":0,"menu_order":0,"comment_status":"closed","ping_status":"closed","template":"page-templates\/pagebuilder.php","meta":{"footnotes":""},"class_list":["post-445","page","type-page","status-publish","hentry"],"_links":{"self":[{"href":"https:\/\/nadraduniem.pl\/index.php\/wp-json\/wp\/v2\/pages\/445","targetHints":{"allow":["GET"]}}],"collection":[{"href":"https:\/\/nadraduniem.pl\/index.php\/wp-json\/wp\/v2\/pages"}],"about":[{"href":"https:\/\/nadraduniem.pl\/index.php\/wp-json\/wp\/v2\/types\/page"}],"author":[{"embeddable":true,"href":"https:\/\/nadraduniem.pl\/index.php\/wp-json\/wp\/v2\/users\/1"}],"replies":[{"embeddable":true,"href":"https:\/\/nadraduniem.pl\/index.php\/wp-json\/wp\/v2\/comments?post=445"}],"version-history":[{"count":16,"href":"https:\/\/nadraduniem.pl\/index.php\/wp-json\/wp\/v2\/pages\/445\/revisions"}],"predecessor-version":[{"id":781,"href":"https:\/\/nadraduniem.pl\/index.php\/wp-json\/wp\/v2\/pages\/445\/revisions\/781"}],"wp:attachment":[{"href":"https:\/\/nadraduniem.pl\/index.php\/wp-json\/wp\/v2\/media?parent=445"}],"curies":[{"name":"wp","href":"https:\/\/api.w.org\/{rel}","templated":true}]}}